{"id":76,"date":"2018-08-05T22:37:47","date_gmt":"2018-08-05T20:37:47","guid":{"rendered":"http:\/\/www.evolutionsportmoto.com\/?page_id=76"},"modified":"2022-06-21T12:26:06","modified_gmt":"2022-06-21T10:26:06","slug":"club","status":"publish","type":"page","link":"https:\/\/www.evolutionsportmoto.com\/index.php\/club\/","title":{"rendered":"CLUB STAGE MOTOCROSS"},"content":{"rendered":"<p><img loading=\"lazy\" decoding=\"async\" class=\"aligncenter size-full wp-image-47\" src=\"http:\/\/www.evolutionsportmoto.com\/wp-content\/uploads\/2018\/08\/club.jpg\" alt=\"\" width=\"510\" height=\"179\" \/><\/p>\n<h3 style=\"text-align: justify;\">Vous \u00eates un Moto-Club et vous souhaitez organiser un stage MX ou Enduro pour vos pilotes sur votre piste? Nous nous d\u00e9pla\u00e7ons partout en France pour partager notre exp\u00e9rience.<\/h3>\n<div><\/div>\n<p><!--more--><\/p>\n<div><\/div>\n<ul>\n<li><strong>Tarif journ\u00e9e : 500\u20ac<\/strong><\/li>\n<li><strong>Tarif weekend : 900\u20ac<\/strong><\/li>\n<li><strong>Frais kilom\u00e9trique (hors Bretagne) : 0,48\u20ac\/km<\/strong><\/li>\n<\/ul>\n","protected":false},"excerpt":{"rendered":"<p>Vous \u00eates un Moto-Club et vous souhaitez organiser un stage MX ou Enduro pour vos pilotes sur votre piste? Nous nous d\u00e9pla\u00e7ons partout en France pour partager notre exp\u00e9rience.<\/p>\n","protected":false},"author":1,"featured_media":0,"parent":0,"menu_order":0,"comment_status":"closed","ping_status":"closed","template":"page-fullwidth.php","meta":{"footnotes":""},"_links":{"self":[{"href":"https:\/\/www.evolutionsportmoto.com\/index.php\/wp-json\/wp\/v2\/pages\/76"}],"collection":[{"href":"https:\/\/www.evolutionsportmoto.com\/index.php\/wp-json\/wp\/v2\/pages"}],"about":[{"href":"https:\/\/www.evolutionsportmoto.com\/index.php\/wp-json\/wp\/v2\/types\/page"}],"author":[{"embeddable":true,"href":"https:\/\/www.evolutionsportmoto.com\/index.php\/wp-json\/wp\/v2\/users\/1"}],"replies":[{"embeddable":true,"href":"https:\/\/www.evolutionsportmoto.com\/index.php\/wp-json\/wp\/v2\/comments?post=76"}],"version-history":[{"count":5,"href":"https:\/\/www.evolutionsportmoto.com\/index.php\/wp-json\/wp\/v2\/pages\/76\/revisions"}],"predecessor-version":[{"id":315,"href":"https:\/\/www.evolutionsportmoto.com\/index.php\/wp-json\/wp\/v2\/pages\/76\/revisions\/315"}],"wp:attachment":[{"href":"https:\/\/www.evolutionsportmoto.com\/index.php\/wp-json\/wp\/v2\/media?parent=76"}],"curies":[{"name":"wp","href":"https:\/\/api.w.org\/{rel}","templated":true}]}}