{"id":61,"date":"2018-08-05T22:22:26","date_gmt":"2018-08-05T20:22:26","guid":{"rendered":"http:\/\/www.evolutionsportmoto.com\/?page_id=61"},"modified":"2024-06-17T12:37:26","modified_gmt":"2024-06-17T10:37:26","slug":"perfectionnement","status":"publish","type":"page","link":"https:\/\/www.evolutionsportmoto.com\/index.php\/perfectionnement\/","title":{"rendered":"PERFECTIONNEMENT"},"content":{"rendered":"\r\n<figure class=\"wp-block-image size-large\"><img loading=\"lazy\" decoding=\"async\" width=\"1024\" height=\"683\" class=\"wp-image-245 aligncenter\" src=\"https:\/\/www.evolutionsportmoto.com\/wp-content\/uploads\/2020\/06\/Perfectionnement-1024x683.jpg\" alt=\"\" srcset=\"https:\/\/www.evolutionsportmoto.com\/wp-content\/uploads\/2020\/06\/Perfectionnement-1024x683.jpg 1024w, https:\/\/www.evolutionsportmoto.com\/wp-content\/uploads\/2020\/06\/Perfectionnement-300x200.jpg 300w, https:\/\/www.evolutionsportmoto.com\/wp-content\/uploads\/2020\/06\/Perfectionnement-768x512.jpg 768w, https:\/\/www.evolutionsportmoto.com\/wp-content\/uploads\/2020\/06\/Perfectionnement-1536x1024.jpg 1536w, https:\/\/www.evolutionsportmoto.com\/wp-content\/uploads\/2020\/06\/Perfectionnement-600x400.jpg 600w, https:\/\/www.evolutionsportmoto.com\/wp-content\/uploads\/2020\/06\/Perfectionnement.jpg 2048w\" sizes=\"(max-width: 1024px) 100vw, 1024px\" \/>\r\n<figcaption>Les stages de perfectionnement. Julien JAGU<\/figcaption>\r\n<\/figure>\r\n\r\n<h3 style=\"text-align: justify;\">D\u00e9butant ou pilote de GP, motocross et enduro, cours particulier ou en groupe, une ou plusieurs journ\u00e9es, nous savons vous faire progresser. Lors d&rsquo;une journ\u00e9e de stage nous abordons diff\u00e9rentes s\u00e9ances p\u00e9dagogiques (virage, freinage, relance, mont\u00e9e, descente, saut, d\u00e9part&#8230;) que nous associons \u00e0 des jeux, confrontations, courses poursuite, duels, pour int\u00e9grer au mieux les aptitudes cibl\u00e9es. Cette dynamique de groupe permet de prendre le meilleur de chacun pour \u00e9lever le niveau du groupe durant le stage.<\/h3>\r\n<p><!--more--><\/p>\r\n<p style=\"text-align: justify;\">Ces stages sont aussi l&rsquo;occasion d&rsquo;\u00e9changer sur les \u00e0-c\u00f4t\u00e9s de la course, nutrition, hydratation, pr\u00e9paration physique et mentale, r\u00e9glages et pr\u00e9paration de la machine.<\/p>\r\n<ul>\r\n<li><strong>Tarif stage journ\u00e9e (hors entr\u00e9e au circuit) : 80\u20ac<\/strong><\/li>\r\n<li><strong>Cours particulier journ\u00e9e : 175\u20ac<\/strong><\/li>\r\n<\/ul>","protected":false},"excerpt":{"rendered":"<p>D\u00e9butant ou pilote de GP, motocross et enduro, cours particulier ou en groupe, une ou plusieurs journ\u00e9es, nous savons vous faire progresser. Lors d&rsquo;une journ\u00e9e de stage nous abordons diff\u00e9rentes s\u00e9ances p\u00e9dagogiques (virage, freinage, relance, mont\u00e9e, descente, saut, d\u00e9part&#8230;) que nous associons \u00e0 des jeux, confrontations, courses poursuite, duels, pour int\u00e9grer au mieux les aptitudes<\/p>\n","protected":false},"author":1,"featured_media":0,"parent":0,"menu_order":0,"comment_status":"closed","ping_status":"closed","template":"","meta":{"footnotes":""},"_links":{"self":[{"href":"https:\/\/www.evolutionsportmoto.com\/index.php\/wp-json\/wp\/v2\/pages\/61"}],"collection":[{"href":"https:\/\/www.evolutionsportmoto.com\/index.php\/wp-json\/wp\/v2\/pages"}],"about":[{"href":"https:\/\/www.evolutionsportmoto.com\/index.php\/wp-json\/wp\/v2\/types\/page"}],"author":[{"embeddable":true,"href":"https:\/\/www.evolutionsportmoto.com\/index.php\/wp-json\/wp\/v2\/users\/1"}],"replies":[{"embeddable":true,"href":"https:\/\/www.evolutionsportmoto.com\/index.php\/wp-json\/wp\/v2\/comments?post=61"}],"version-history":[{"count":11,"href":"https:\/\/www.evolutionsportmoto.com\/index.php\/wp-json\/wp\/v2\/pages\/61\/revisions"}],"predecessor-version":[{"id":367,"href":"https:\/\/www.evolutionsportmoto.com\/index.php\/wp-json\/wp\/v2\/pages\/61\/revisions\/367"}],"wp:attachment":[{"href":"https:\/\/www.evolutionsportmoto.com\/index.php\/wp-json\/wp\/v2\/media?parent=61"}],"curies":[{"name":"wp","href":"https:\/\/api.w.org\/{rel}","templated":true}]}}