{"id":386,"date":"2024-06-17T12:31:36","date_gmt":"2024-06-17T10:31:36","guid":{"rendered":"https:\/\/www.evolutionsportmoto.com\/?page_id=386"},"modified":"2024-06-17T12:33:45","modified_gmt":"2024-06-17T10:33:45","slug":"trail-maxi-trail","status":"publish","type":"page","link":"https:\/\/www.evolutionsportmoto.com\/index.php\/trail-maxi-trail\/","title":{"rendered":"TRAIL \/ MAXI TRAIL"},"content":{"rendered":"<h3><strong>Vous \u00eates propri\u00e9taire d\u2019un trail ou maxi trail, vous souhaitez vous initier ou vous perfectionner au tout-terrain, ou encore participer a des randonn\u00e9es, nous avons tout ce qu\u2019il faut pour vous.<\/strong><\/h3>\n<p><!--more--><\/p>\n\n\t\t<style type=\"text\/css\">\n\t\t\t#gallery-1 {\n\t\t\t\tmargin: auto;\n\t\t\t}\n\t\t\t#gallery-1 .gallery-item {\n\t\t\t\tfloat: left;\n\t\t\t\tmargin-top: 10px;\n\t\t\t\ttext-align: center;\n\t\t\t\twidth: 25%;\n\t\t\t}\n\t\t\t#gallery-1 img {\n\t\t\t\tborder: 2px solid #cfcfcf;\n\t\t\t}\n\t\t\t#gallery-1 .gallery-caption {\n\t\t\t\tmargin-left: 0;\n\t\t\t}\n\t\t\t\/* see gallery_shortcode() in wp-includes\/media.php *\/\n\t\t<\/style>\n\t\t<div id='gallery-1' class='gallery galleryid-386 gallery-columns-4 gallery-size-medium'><dl class='gallery-item'>\n\t\t\t<dt class='gallery-icon landscape'>\n\t\t\t\t<a href='https:\/\/www.evolutionsportmoto.com\/wp-content\/uploads\/2024\/06\/IMG_1015.jpg'><img loading=\"lazy\" decoding=\"async\" width=\"300\" height=\"300\" src=\"https:\/\/www.evolutionsportmoto.com\/wp-content\/uploads\/2024\/06\/IMG_1015.jpg\" class=\"attachment-medium size-medium\" alt=\"\" \/><\/a>\n\t\t\t<\/dt><\/dl><dl class='gallery-item'>\n\t\t\t<dt class='gallery-icon landscape'>\n\t\t\t\t<a href='https:\/\/www.evolutionsportmoto.com\/wp-content\/uploads\/2024\/06\/IMG_1016.jpg'><img loading=\"lazy\" decoding=\"async\" width=\"300\" height=\"225\" src=\"https:\/\/www.evolutionsportmoto.com\/wp-content\/uploads\/2024\/06\/IMG_1016.jpg\" class=\"attachment-medium size-medium\" alt=\"\" \/><\/a>\n\t\t\t<\/dt><\/dl><dl class='gallery-item'>\n\t\t\t<dt class='gallery-icon landscape'>\n\t\t\t\t<a href='https:\/\/www.evolutionsportmoto.com\/wp-content\/uploads\/2024\/06\/IMG_1017.jpg'><img loading=\"lazy\" decoding=\"async\" width=\"300\" height=\"225\" src=\"https:\/\/www.evolutionsportmoto.com\/wp-content\/uploads\/2024\/06\/IMG_1017.jpg\" class=\"attachment-medium size-medium\" alt=\"\" \/><\/a>\n\t\t\t<\/dt><\/dl><dl class='gallery-item'>\n\t\t\t<dt class='gallery-icon landscape'>\n\t\t\t\t<a href='https:\/\/www.evolutionsportmoto.com\/wp-content\/uploads\/2024\/06\/IMG_1018.jpg'><img loading=\"lazy\" decoding=\"async\" width=\"300\" height=\"225\" src=\"https:\/\/www.evolutionsportmoto.com\/wp-content\/uploads\/2024\/06\/IMG_1018.jpg\" class=\"attachment-medium size-medium\" alt=\"\" \/><\/a>\n\t\t\t<\/dt><\/dl><br style=\"clear: both\" \/>\n\t\t<\/div>\n\n<p>S\u2019initier ou se perfectionner lors d\u2019une ou plusieurs journ\u00e9es de stages, seul ou entre amis. Nous vous guidons sur diff\u00e9rents ateliers pour d\u00e9couvrir les ficelles du pilotage tout-terrain.<\/p>\n<p>Nous avons aussi la possibilit\u00e9 d\u2019organiser \u00e0 la carte des randonn\u00e9es. Un ou plusieurs jours, avec guide ou \u00e0 la trace\u00a0gps\u00a0 repas, h\u00e9bergements ou m\u00eame bivouac pour profiter \u00e0 fond de l\u2019aventure\u00a0off-road.<\/p>\n<p>A tr\u00e8s vite sur les pistes.<\/p>\n<p>Plus d\u2019informations et tarifs, nous contacter.<\/p>\n","protected":false},"excerpt":{"rendered":"<p>Vous \u00eates propri\u00e9taire d\u2019un trail ou maxi trail, vous souhaitez vous initier ou vous perfectionner au tout-terrain, ou encore participer a des randonn\u00e9es, nous avons tout ce qu\u2019il faut pour vous.<\/p>\n","protected":false},"author":1,"featured_media":0,"parent":0,"menu_order":0,"comment_status":"closed","ping_status":"closed","template":"page-fullwidth.php","meta":{"footnotes":""},"_links":{"self":[{"href":"https:\/\/www.evolutionsportmoto.com\/index.php\/wp-json\/wp\/v2\/pages\/386"}],"collection":[{"href":"https:\/\/www.evolutionsportmoto.com\/index.php\/wp-json\/wp\/v2\/pages"}],"about":[{"href":"https:\/\/www.evolutionsportmoto.com\/index.php\/wp-json\/wp\/v2\/types\/page"}],"author":[{"embeddable":true,"href":"https:\/\/www.evolutionsportmoto.com\/index.php\/wp-json\/wp\/v2\/users\/1"}],"replies":[{"embeddable":true,"href":"https:\/\/www.evolutionsportmoto.com\/index.php\/wp-json\/wp\/v2\/comments?post=386"}],"version-history":[{"count":4,"href":"https:\/\/www.evolutionsportmoto.com\/index.php\/wp-json\/wp\/v2\/pages\/386\/revisions"}],"predecessor-version":[{"id":397,"href":"https:\/\/www.evolutionsportmoto.com\/index.php\/wp-json\/wp\/v2\/pages\/386\/revisions\/397"}],"wp:attachment":[{"href":"https:\/\/www.evolutionsportmoto.com\/index.php\/wp-json\/wp\/v2\/media?parent=386"}],"curies":[{"name":"wp","href":"https:\/\/api.w.org\/{rel}","templated":true}]}}