{"id":346,"date":"2023-01-31T22:06:19","date_gmt":"2023-01-31T21:06:19","guid":{"rendered":"https:\/\/www.evolutionsportmoto.com\/?page_id=346"},"modified":"2024-06-20T12:54:13","modified_gmt":"2024-06-20T10:54:13","slug":"raid-enduro-galicia","status":"publish","type":"page","link":"https:\/\/www.evolutionsportmoto.com\/index.php\/raid-enduro-galicia\/","title":{"rendered":"Raid Enduro Galicia"},"content":{"rendered":"<h3>Heureux de vous proposer quelque chose de nouveau ici\u2026<br \/>\nUne randonn\u00e9e enduro en Galice\/Espagne du 23 au 28 octobre prochain. Des kilom\u00e8tres d\u00e9di\u00e9s \u00e0 l\u2019offroad, des paysages et des parcours hyper vari\u00e9s. La mer, la montagne, des pistes, des singles, du franchissement (un peu), de la nourriture locale\u2026<\/h3>\n<p><!--more--><\/p>\n\n\t\t<style type=\"text\/css\">\n\t\t\t#gallery-1 {\n\t\t\t\tmargin: auto;\n\t\t\t}\n\t\t\t#gallery-1 .gallery-item {\n\t\t\t\tfloat: left;\n\t\t\t\tmargin-top: 10px;\n\t\t\t\ttext-align: center;\n\t\t\t\twidth: 20%;\n\t\t\t}\n\t\t\t#gallery-1 img {\n\t\t\t\tborder: 2px solid #cfcfcf;\n\t\t\t}\n\t\t\t#gallery-1 .gallery-caption {\n\t\t\t\tmargin-left: 0;\n\t\t\t}\n\t\t\t\/* see gallery_shortcode() in wp-includes\/media.php *\/\n\t\t<\/style>\n\t\t<div id='gallery-1' class='gallery galleryid-346 gallery-columns-5 gallery-size-thumbnail'><dl class='gallery-item'>\n\t\t\t<dt class='gallery-icon landscape'>\n\t\t\t\t<a href='https:\/\/www.evolutionsportmoto.com\/wp-content\/uploads\/2024\/06\/5G8A7638.jpg'><img loading=\"lazy\" decoding=\"async\" width=\"150\" height=\"100\" src=\"https:\/\/www.evolutionsportmoto.com\/wp-content\/uploads\/2024\/06\/5G8A7638.jpg\" class=\"attachment-thumbnail size-thumbnail\" alt=\"\" \/><\/a>\n\t\t\t<\/dt><\/dl><dl class='gallery-item'>\n\t\t\t<dt class='gallery-icon landscape'>\n\t\t\t\t<a href='https:\/\/www.evolutionsportmoto.com\/wp-content\/uploads\/2024\/06\/5G8A7800.jpg'><img loading=\"lazy\" decoding=\"async\" width=\"150\" height=\"100\" src=\"https:\/\/www.evolutionsportmoto.com\/wp-content\/uploads\/2024\/06\/5G8A7800.jpg\" class=\"attachment-thumbnail size-thumbnail\" alt=\"\" \/><\/a>\n\t\t\t<\/dt><\/dl><dl class='gallery-item'>\n\t\t\t<dt class='gallery-icon landscape'>\n\t\t\t\t<a href='https:\/\/www.evolutionsportmoto.com\/wp-content\/uploads\/2024\/06\/5G8A7848.jpg'><img loading=\"lazy\" decoding=\"async\" width=\"150\" height=\"100\" src=\"https:\/\/www.evolutionsportmoto.com\/wp-content\/uploads\/2024\/06\/5G8A7848.jpg\" class=\"attachment-thumbnail size-thumbnail\" alt=\"\" \/><\/a>\n\t\t\t<\/dt><\/dl><dl class='gallery-item'>\n\t\t\t<dt class='gallery-icon landscape'>\n\t\t\t\t<a href='https:\/\/www.evolutionsportmoto.com\/wp-content\/uploads\/2024\/06\/5G8A7933.jpg'><img loading=\"lazy\" decoding=\"async\" width=\"150\" height=\"100\" src=\"https:\/\/www.evolutionsportmoto.com\/wp-content\/uploads\/2024\/06\/5G8A7933.jpg\" class=\"attachment-thumbnail size-thumbnail\" alt=\"\" \/><\/a>\n\t\t\t<\/dt><\/dl><dl class='gallery-item'>\n\t\t\t<dt class='gallery-icon landscape'>\n\t\t\t\t<a href='https:\/\/www.evolutionsportmoto.com\/wp-content\/uploads\/2024\/06\/5G8A7985.jpg'><img loading=\"lazy\" decoding=\"async\" width=\"150\" height=\"100\" src=\"https:\/\/www.evolutionsportmoto.com\/wp-content\/uploads\/2024\/06\/5G8A7985.jpg\" class=\"attachment-thumbnail size-thumbnail\" alt=\"\" \/><\/a>\n\t\t\t<\/dt><\/dl><br style=\"clear: both\" \/>\n\t\t<\/div>\n\n<p><span id=\"m_-1851755376425837050more-346\"><\/span><br \/>\n<strong>What else?<\/strong><br \/>\nAu d\u00e9part de la Bretagne, j\u2019organise le\u00a0<strong>transport de votre moto et de votre mat\u00e9riel jusqu\u2019\u00e0 Baiona<\/strong>\u00a0o\u00f9 je vous guiderai pour 4 jours de randonn\u00e9e. Je me charge \u00e9galement de l\u2019h\u00e9bergement en demi pension.<\/p>\n<p>Tarif :\u00a0<strong>1490<\/strong>\u20ac<\/p>\n<p>Le tarif comprend<\/p>\n<ul>\n<li>L\u2019organisation et l\u2019encadrement de la randonn\u00e9e<\/li>\n<li>H\u00e9bergements en demi-pension pendant 6 jours en chambre twin<\/li>\n<li>Guide \u00e0 moto<\/li>\n<li>V\u00e9hicule d\u2019assistance logistique transportant vos bagages<\/li>\n<li>Mise \u00e0 disposition d\u2019outillage pour la m\u00e9canique de vos motos<\/li>\n<li>Transport A\/R depuis Guingamp de votre moto d\u2019enduro<\/li>\n<li>Transport A\/R depuis Guingamp d\u2019une malle de 80L ou d\u2019un sac<\/li>\n<\/ul>\n<p>Autres villes :\u00a0<a href=\"https:\/\/www.evolutionsportmoto.com\/index.php\/contactez-moi\/\" target=\"_blank\" rel=\"noopener\" data-saferedirecturl=\"https:\/\/www.google.com\/url?q=https:\/\/www.evolutionsportmoto.com\/index.php\/contactez-moi\/&amp;source=gmail&amp;ust=1718449279103000&amp;usg=AOvVaw2cYvwbKs0fWAXJJcXjddb4\">nous contacter<\/a><\/p>\n<p>Le tarif ne comprend pas :<\/p>\n<p>Votre trajet A\/R jusqu\u2019au lieu de d\u00e9part et d\u2019arriv\u00e9e du circuit (Billets d\u2019avion, Transfert) : Baiona.<br \/>\nRepas du midi et boissons.<br \/>\nLes pourboires, les extras et les d\u00e9penses personnelles<br \/>\nCarburant \/ Assurances\u00a0\u00bb<\/p>\n<p>Pour tous renseignements compl\u00e9mentaires, je suis \u00e0 votre disposition via\u00a0<a href=\"https:\/\/www.evolutionsportmoto.com\/index.php\/contactez-moi\/\" target=\"_blank\" rel=\"noopener\" data-saferedirecturl=\"https:\/\/www.google.com\/url?q=https:\/\/www.evolutionsportmoto.com\/index.php\/contactez-moi\/&amp;source=gmail&amp;ust=1718449279103000&amp;usg=AOvVaw2cYvwbKs0fWAXJJcXjddb4\">notre page contact<\/a><\/p>\n","protected":false},"excerpt":{"rendered":"<p>Heureux de vous proposer quelque chose de nouveau ici\u2026 Une randonn\u00e9e enduro en Galice\/Espagne du 23 au 28 octobre prochain. Des kilom\u00e8tres d\u00e9di\u00e9s \u00e0 l\u2019offroad, des paysages et des parcours hyper vari\u00e9s. La mer, la montagne, des pistes, des singles, du franchissement (un peu), de la nourriture locale\u2026<\/p>\n","protected":false},"author":1,"featured_media":0,"parent":0,"menu_order":0,"comment_status":"closed","ping_status":"closed","template":"","meta":{"footnotes":""},"_links":{"self":[{"href":"https:\/\/www.evolutionsportmoto.com\/index.php\/wp-json\/wp\/v2\/pages\/346"}],"collection":[{"href":"https:\/\/www.evolutionsportmoto.com\/index.php\/wp-json\/wp\/v2\/pages"}],"about":[{"href":"https:\/\/www.evolutionsportmoto.com\/index.php\/wp-json\/wp\/v2\/types\/page"}],"author":[{"embeddable":true,"href":"https:\/\/www.evolutionsportmoto.com\/index.php\/wp-json\/wp\/v2\/users\/1"}],"replies":[{"embeddable":true,"href":"https:\/\/www.evolutionsportmoto.com\/index.php\/wp-json\/wp\/v2\/comments?post=346"}],"version-history":[{"count":10,"href":"https:\/\/www.evolutionsportmoto.com\/index.php\/wp-json\/wp\/v2\/pages\/346\/revisions"}],"predecessor-version":[{"id":407,"href":"https:\/\/www.evolutionsportmoto.com\/index.php\/wp-json\/wp\/v2\/pages\/346\/revisions\/407"}],"wp:attachment":[{"href":"https:\/\/www.evolutionsportmoto.com\/index.php\/wp-json\/wp\/v2\/media?parent=346"}],"curies":[{"name":"wp","href":"https:\/\/api.w.org\/{rel}","templated":true}]}}