{"id":280,"date":"2022-02-01T21:45:59","date_gmt":"2022-02-01T20:45:59","guid":{"rendered":"https:\/\/www.evolutionsportmoto.com\/?page_id=280"},"modified":"2024-06-17T12:37:16","modified_gmt":"2024-06-17T10:37:16","slug":"roadbook","status":"publish","type":"page","link":"https:\/\/www.evolutionsportmoto.com\/index.php\/roadbook\/","title":{"rendered":"ROADBOOK"},"content":{"rendered":"<p><img decoding=\"async\" class=\"aligncenter wp-image-282\" src=\"https:\/\/www.evolutionsportmoto.com\/wp-content\/uploads\/2022\/02\/IMG_1828.jpg\" alt=\"\" width=\"1000\" height=\"\" \/><\/p>\n<h3>Vous avez un projet rallye-raid ou juste l\u2019envie de d\u00e9couvrir l\u2019enduro d\u2019une mani\u00e8re diff\u00e9rente? Venez d\u00e9couvrir les pr\u00e9mices du roadbook moto en Bretagne. Location du mat\u00e9riel de navigation si n\u00e9cessaire, s\u00e9ance th\u00e9orie, encadrement \u00e0 la journ\u00e9e, nous personnalisons votre journ\u00e9e pour un meilleur apprentissage.<\/h3>\n<div><\/div>\n<p><!--more--><\/p>\n<div>L\u2019occasion de vous pr\u00e9senter quelques roadbook de l\u2019andalucia rallye, du rallye du Maroc, ou encore du Dakar.<\/div>\n<div><\/div>\n<div><span style=\"color: #ffffff;\">.<\/span><\/div>\n<div><\/div>\n<div><strong>Tarif : 250\u20ac\/jour\/pilote<\/strong><\/div>\n<div><strong>Location mat\u00e9riel de navigation : 50 \u20ac\/jour\/pilote<\/strong><\/div>\n<div><\/div>\n<div>\n\n\t\t<style type=\"text\/css\">\n\t\t\t#gallery-1 {\n\t\t\t\tmargin: auto;\n\t\t\t}\n\t\t\t#gallery-1 .gallery-item {\n\t\t\t\tfloat: left;\n\t\t\t\tmargin-top: 10px;\n\t\t\t\ttext-align: center;\n\t\t\t\twidth: 25%;\n\t\t\t}\n\t\t\t#gallery-1 img {\n\t\t\t\tborder: 2px solid #cfcfcf;\n\t\t\t}\n\t\t\t#gallery-1 .gallery-caption {\n\t\t\t\tmargin-left: 0;\n\t\t\t}\n\t\t\t\/* see gallery_shortcode() in wp-includes\/media.php *\/\n\t\t<\/style>\n\t\t<div id='gallery-1' class='gallery galleryid-280 gallery-columns-4 gallery-size-medium'><dl class='gallery-item'>\n\t\t\t<dt class='gallery-icon landscape'>\n\t\t\t\t<a href='https:\/\/www.evolutionsportmoto.com\/wp-content\/uploads\/2022\/02\/3F05CBCE-7826-4501-A355-374E69FF20A2.jpg'><img loading=\"lazy\" decoding=\"async\" width=\"300\" height=\"200\" src=\"https:\/\/www.evolutionsportmoto.com\/wp-content\/uploads\/2022\/02\/3F05CBCE-7826-4501-A355-374E69FF20A2.jpg\" class=\"attachment-medium size-medium\" alt=\"\" \/><\/a>\n\t\t\t<\/dt><\/dl><dl class='gallery-item'>\n\t\t\t<dt class='gallery-icon landscape'>\n\t\t\t\t<a href='https:\/\/www.evolutionsportmoto.com\/wp-content\/uploads\/2022\/02\/241F66D1-0D1B-4BD3-B4A1-BCF62BC11E44.jpg'><img loading=\"lazy\" decoding=\"async\" width=\"300\" height=\"200\" src=\"https:\/\/www.evolutionsportmoto.com\/wp-content\/uploads\/2022\/02\/241F66D1-0D1B-4BD3-B4A1-BCF62BC11E44.jpg\" class=\"attachment-medium size-medium\" alt=\"\" \/><\/a>\n\t\t\t<\/dt><\/dl><dl class='gallery-item'>\n\t\t\t<dt class='gallery-icon landscape'>\n\t\t\t\t<a href='https:\/\/www.evolutionsportmoto.com\/wp-content\/uploads\/2022\/02\/B2F39287-D69D-416B-B7C0-4CAAC777D22B.jpg'><img loading=\"lazy\" decoding=\"async\" width=\"300\" height=\"200\" src=\"https:\/\/www.evolutionsportmoto.com\/wp-content\/uploads\/2022\/02\/B2F39287-D69D-416B-B7C0-4CAAC777D22B.jpg\" class=\"attachment-medium size-medium\" alt=\"\" \/><\/a>\n\t\t\t<\/dt><\/dl><dl class='gallery-item'>\n\t\t\t<dt class='gallery-icon landscape'>\n\t\t\t\t<a href='https:\/\/www.evolutionsportmoto.com\/wp-content\/uploads\/2022\/02\/B8FFCB20-3DAB-4377-9466-3F561B4E0649.jpg'><img loading=\"lazy\" decoding=\"async\" width=\"300\" height=\"200\" src=\"https:\/\/www.evolutionsportmoto.com\/wp-content\/uploads\/2022\/02\/B8FFCB20-3DAB-4377-9466-3F561B4E0649.jpg\" class=\"attachment-medium size-medium\" alt=\"\" \/><\/a>\n\t\t\t<\/dt><\/dl><br style=\"clear: both\" \/>\n\t\t<\/div>\n\n<\/div>\n","protected":false},"excerpt":{"rendered":"<p>Vous avez un projet rallye-raid ou juste l\u2019envie de d\u00e9couvrir l\u2019enduro d\u2019une mani\u00e8re diff\u00e9rente? Venez d\u00e9couvrir les pr\u00e9mices du roadbook moto en Bretagne. Location du mat\u00e9riel de navigation si n\u00e9cessaire, s\u00e9ance th\u00e9orie, encadrement \u00e0 la journ\u00e9e, nous personnalisons votre journ\u00e9e pour un meilleur apprentissage.<\/p>\n","protected":false},"author":1,"featured_media":0,"parent":0,"menu_order":0,"comment_status":"closed","ping_status":"closed","template":"","meta":{"footnotes":""},"_links":{"self":[{"href":"https:\/\/www.evolutionsportmoto.com\/index.php\/wp-json\/wp\/v2\/pages\/280"}],"collection":[{"href":"https:\/\/www.evolutionsportmoto.com\/index.php\/wp-json\/wp\/v2\/pages"}],"about":[{"href":"https:\/\/www.evolutionsportmoto.com\/index.php\/wp-json\/wp\/v2\/types\/page"}],"author":[{"embeddable":true,"href":"https:\/\/www.evolutionsportmoto.com\/index.php\/wp-json\/wp\/v2\/users\/1"}],"replies":[{"embeddable":true,"href":"https:\/\/www.evolutionsportmoto.com\/index.php\/wp-json\/wp\/v2\/comments?post=280"}],"version-history":[{"count":12,"href":"https:\/\/www.evolutionsportmoto.com\/index.php\/wp-json\/wp\/v2\/pages\/280\/revisions"}],"predecessor-version":[{"id":365,"href":"https:\/\/www.evolutionsportmoto.com\/index.php\/wp-json\/wp\/v2\/pages\/280\/revisions\/365"}],"wp:attachment":[{"href":"https:\/\/www.evolutionsportmoto.com\/index.php\/wp-json\/wp\/v2\/media?parent=280"}],"curies":[{"name":"wp","href":"https:\/\/api.w.org\/{rel}","templated":true}]}}