{"id":249,"date":"2020-06-08T18:46:25","date_gmt":"2020-06-08T16:46:25","guid":{"rendered":"https:\/\/www.evolutionsportmoto.com\/?page_id=249"},"modified":"2024-06-17T12:44:00","modified_gmt":"2024-06-17T10:44:00","slug":"assistance-rally","status":"publish","type":"page","link":"https:\/\/www.evolutionsportmoto.com\/index.php\/assistance-rally\/","title":{"rendered":"Assistance Rally"},"content":{"rendered":"\r\n<h4><strong>Vous voulez tenter l\u2019aventure et d\u00e9couvrir le rally raid avec un budget et un niveau de difficult\u00e9 accessible? Nous sommes pr\u00e9sent sur plusieurs rallyes durant l\u2019ann\u00e9e notamment le Adventure Galicia en Espagne, le Hellas Rally en Gr\u00e8ce, le Ro Rally Marathon en Roumanie, ou encore le Trans Norte Rally Raid au Portugal. Avec votre moto d\u2019enduro, moto de rallye, trail ou maxi trail, ces courses proposent des cat\u00e9gories adapt\u00e9es \u00e0 tous.<\/strong><!--more--><\/h4>\r\n\n\t\t<style type=\"text\/css\">\n\t\t\t#gallery-1 {\n\t\t\t\tmargin: auto;\n\t\t\t}\n\t\t\t#gallery-1 .gallery-item {\n\t\t\t\tfloat: left;\n\t\t\t\tmargin-top: 10px;\n\t\t\t\ttext-align: center;\n\t\t\t\twidth: 50%;\n\t\t\t}\n\t\t\t#gallery-1 img {\n\t\t\t\tborder: 2px solid #cfcfcf;\n\t\t\t}\n\t\t\t#gallery-1 .gallery-caption {\n\t\t\t\tmargin-left: 0;\n\t\t\t}\n\t\t\t\/* see gallery_shortcode() in wp-includes\/media.php *\/\n\t\t<\/style>\n\t\t<div id='gallery-1' class='gallery galleryid-249 gallery-columns-2 gallery-size-medium'><dl class='gallery-item'>\n\t\t\t<dt class='gallery-icon landscape'>\n\t\t\t\t<a href='https:\/\/www.evolutionsportmoto.com\/wp-content\/uploads\/2022\/11\/image1.jpg'><img loading=\"lazy\" decoding=\"async\" width=\"300\" height=\"200\" src=\"https:\/\/www.evolutionsportmoto.com\/wp-content\/uploads\/2022\/11\/image1.jpg\" class=\"attachment-medium size-medium\" alt=\"\" \/><\/a>\n\t\t\t<\/dt><\/dl><dl class='gallery-item'>\n\t\t\t<dt class='gallery-icon landscape'>\n\t\t\t\t<a href='https:\/\/www.evolutionsportmoto.com\/wp-content\/uploads\/2022\/11\/image3.jpg'><img loading=\"lazy\" decoding=\"async\" width=\"300\" height=\"200\" src=\"https:\/\/www.evolutionsportmoto.com\/wp-content\/uploads\/2022\/11\/image3.jpg\" class=\"attachment-medium size-medium\" alt=\"\" \/><\/a>\n\t\t\t<\/dt><\/dl><br style=\"clear: both\" \/>\n\t\t<\/div>\n\r\n<p>&nbsp;<\/p>\r\n<div><strong>La logistique vous ennuie ou vous fait peur? On s\u2019occupe de tout, transport, bateau, assistance. Nous vous proposons un service de transport et d\u2019assistance au d\u00e9part de la Bretagne avec la possibilit\u00e9 de r\u00e9cup\u00e9rer du mat\u00e9riel sur notre itin\u00e9raire.<\/strong><\/div>\r\n<div><strong>\u00a0<\/strong><\/div>\r\n<div><strong>Transport, assistance, conseils avant et pendant la course, mais surtout le partage d\u2019une aventure exceptionnelle.<\/strong><\/div>\r\n<div><strong>\u00a0<\/strong><\/div>\r\n<div>Plus d\u2019informations et tarifs, <a href=\"https:\/\/www.evolutionsportmoto.com\/index.php\/contactez-moi\/\">nous contacter.<\/a><\/div>\r\n","protected":false},"excerpt":{"rendered":"<p>Vous voulez tenter l\u2019aventure et d\u00e9couvrir le rally raid avec un budget et un niveau de difficult\u00e9 accessible? Nous sommes pr\u00e9sent sur plusieurs rallyes durant l\u2019ann\u00e9e notamment le Adventure Galicia en Espagne, le Hellas Rally en Gr\u00e8ce, le Ro Rally Marathon en Roumanie, ou encore le Trans Norte Rally Raid au Portugal. Avec votre moto<\/p>\n","protected":false},"author":2,"featured_media":0,"parent":0,"menu_order":0,"comment_status":"closed","ping_status":"closed","template":"","meta":{"footnotes":""},"_links":{"self":[{"href":"https:\/\/www.evolutionsportmoto.com\/index.php\/wp-json\/wp\/v2\/pages\/249"}],"collection":[{"href":"https:\/\/www.evolutionsportmoto.com\/index.php\/wp-json\/wp\/v2\/pages"}],"about":[{"href":"https:\/\/www.evolutionsportmoto.com\/index.php\/wp-json\/wp\/v2\/types\/page"}],"author":[{"embeddable":true,"href":"https:\/\/www.evolutionsportmoto.com\/index.php\/wp-json\/wp\/v2\/users\/2"}],"replies":[{"embeddable":true,"href":"https:\/\/www.evolutionsportmoto.com\/index.php\/wp-json\/wp\/v2\/comments?post=249"}],"version-history":[{"count":11,"href":"https:\/\/www.evolutionsportmoto.com\/index.php\/wp-json\/wp\/v2\/pages\/249\/revisions"}],"predecessor-version":[{"id":400,"href":"https:\/\/www.evolutionsportmoto.com\/index.php\/wp-json\/wp\/v2\/pages\/249\/revisions\/400"}],"wp:attachment":[{"href":"https:\/\/www.evolutionsportmoto.com\/index.php\/wp-json\/wp\/v2\/media?parent=249"}],"curies":[{"name":"wp","href":"https:\/\/api.w.org\/{rel}","templated":true}]}}