{"id":140,"date":"2018-08-20T23:23:17","date_gmt":"2018-08-20T21:23:17","guid":{"rendered":"http:\/\/www.evolutionsportmoto.com\/?page_id=140"},"modified":"2023-09-15T22:10:44","modified_gmt":"2023-09-15T20:10:44","slug":"planning-stage-moto","status":"publish","type":"page","link":"https:\/\/www.evolutionsportmoto.com\/index.php\/planning-stage-moto\/","title":{"rendered":"PLANNING STAGE MOTO"},"content":{"rendered":"<h3>Pour r\u00e9server votre stage motocross c&rsquo;est simple :<\/h3>\n<p><!--more--><\/p>\n<ul>\n<li>Demandez nous les disponibilit\u00e9s par t\u00e9l\u00e9phone ou par mail<\/li>\n<li>Remplissez et envoyer nous la fiche d&rsquo;inscription ci-dessous par courrier accompagn\u00e9e du r\u00e8glement<\/li>\n<li>Nous vous confirmons par mail votre inscription.<\/li>\n<\/ul>\n<p><a href=\"https:\/\/www.evolutionsportmoto.com\/wp-content\/uploads\/2023\/09\/planning_stagemotocross-enduro_bretagne2023_2024.jpg\"><img decoding=\"async\" class=\"aligncenter wp-image-375\" src=\"https:\/\/www.evolutionsportmoto.com\/wp-content\/uploads\/2023\/09\/planning_stagemotocross-enduro_bretagne2023_2024.jpg\" alt=\"\" width=\"1753\" \/><\/a><\/p>\n<p>&nbsp;<\/p>\n<p><a href=\"http:\/\/www.evolutionsportmoto.com\/wp-content\/uploads\/2018\/08\/FICHE-DINSCRIPTION.pdf\"><img loading=\"lazy\" decoding=\"async\" class=\"aligncenter wp-image-144\" src=\"http:\/\/www.evolutionsportmoto.com\/wp-content\/uploads\/2018\/08\/FICHE-DINSCRIPTION.jpg\" alt=\"\" width=\"800\" height=\"714\" \/><\/a><\/p>\n","protected":false},"excerpt":{"rendered":"<p>Pour r\u00e9server votre stage motocross c&rsquo;est simple :<\/p>\n","protected":false},"author":1,"featured_media":0,"parent":0,"menu_order":0,"comment_status":"closed","ping_status":"closed","template":"page-fullwidth.php","meta":{"footnotes":""},"_links":{"self":[{"href":"https:\/\/www.evolutionsportmoto.com\/index.php\/wp-json\/wp\/v2\/pages\/140"}],"collection":[{"href":"https:\/\/www.evolutionsportmoto.com\/index.php\/wp-json\/wp\/v2\/pages"}],"about":[{"href":"https:\/\/www.evolutionsportmoto.com\/index.php\/wp-json\/wp\/v2\/types\/page"}],"author":[{"embeddable":true,"href":"https:\/\/www.evolutionsportmoto.com\/index.php\/wp-json\/wp\/v2\/users\/1"}],"replies":[{"embeddable":true,"href":"https:\/\/www.evolutionsportmoto.com\/index.php\/wp-json\/wp\/v2\/comments?post=140"}],"version-history":[{"count":16,"href":"https:\/\/www.evolutionsportmoto.com\/index.php\/wp-json\/wp\/v2\/pages\/140\/revisions"}],"predecessor-version":[{"id":377,"href":"https:\/\/www.evolutionsportmoto.com\/index.php\/wp-json\/wp\/v2\/pages\/140\/revisions\/377"}],"wp:attachment":[{"href":"https:\/\/www.evolutionsportmoto.com\/index.php\/wp-json\/wp\/v2\/media?parent=140"}],"curies":[{"name":"wp","href":"https:\/\/api.w.org\/{rel}","templated":true}]}}